{"id":79,"date":"2023-03-14T17:57:18","date_gmt":"2023-03-14T16:57:18","guid":{"rendered":"http:\/\/2023.marathonphotocornouaille.bzh\/?page_id=79"},"modified":"2023-03-31T22:17:54","modified_gmt":"2023-03-31T20:17:54","slug":"quest-ce-quun-marathon-photo","status":"publish","type":"page","link":"http:\/\/2023.marathonphotocornouaille.bzh\/index.php\/informations\/quest-ce-quun-marathon-photo\/","title":{"rendered":"Un marathon photo, c&rsquo;est quoi ?"},"content":{"rendered":"\r\n\r\n\r\n<p>Le marathon photo est un \u00e9v\u00e9nement incontournable pour tous les amateurs de photographie qui cherchent \u00e0 d\u00e9velopper leur cr\u00e9ativit\u00e9 et leur capacit\u00e9 \u00e0 travailler sous pression. En effet, cette \u00e9preuve de longue dur\u00e9e exige une grande r\u00e9sistance et une forte d\u00e9termination pour pouvoir produire neuf clich\u00e9s de qualit\u00e9 en seulement neuf heures.<\/p>\r\n<p>Le principe est simple, les participants doivent r\u00e9aliser neuf photos sur neuf th\u00e8mes diff\u00e9rents, en respectant un temps limit\u00e9 pour chaque prise de vue. Ce rallye photo est un v\u00e9ritable d\u00e9fi artistique qui permet d\u2019explorer sa cr\u00e9ativit\u00e9 et d\u2019exprimer sa sensibilit\u00e9 \u00e0 travers l\u2019objectif de l\u2019appareil photo. \u00c0 la fin de l\u2019\u00e9v\u00e9nement, les photos sont pr\u00e9sent\u00e9es de mani\u00e8re anonyme \u00e0 <a href=\"https:\/\/2023.marathonphotocornouaille.bzh\/index.php\/informations\/jury\/\">un jury<\/a> qui vote pour \u00e9lire les photographies les plus r\u00e9ussies. Cet exercice permet de stimuler son imagination et de pousser ses limites artistiques, tout en d\u00e9couvrant de nouveaux sujets et en perfectionnant ses comp\u00e9tences techniques.<\/p>\r\n<p><strong>Le marathon photo est ainsi une occasion unique pour les passionn\u00e9s de photographie de se mesurer \u00e0 d\u2019autres artistes, de partager leur passion et d\u2019explorer de nouvelles perspectives. N\u2019h\u00e9sitez pas \u00e0 relever ce d\u00e9fi stimulant et \u00e0 vivre une exp\u00e9rience photographique inoubliable !<\/strong><\/p>","protected":false},"excerpt":{"rendered":"<p>Le marathon photo est un \u00e9v\u00e9nement incontournable pour tous les amateurs de photographie qui cherchent \u00e0 d\u00e9velopper leur cr\u00e9ativit\u00e9 et leur capacit\u00e9 \u00e0 travailler sous pression. En effet, cette \u00e9preuve de longue dur\u00e9e exige une grande r\u00e9sistance et une forte d\u00e9termination pour pouvoir produire neuf clich\u00e9s de qualit\u00e9 en seulement neuf heures. Le principe est simple, les participants doivent r\u00e9aliser neuf photos sur neuf th\u00e8mes diff\u00e9rents, en respectant un temps limit\u00e9 pour chaque prise de vue. Ce rallye photo est un v\u00e9ritable d\u00e9fi artistique qui permet d\u2019explorer sa cr\u00e9ativit\u00e9 et d\u2019exprimer sa sensibilit\u00e9 \u00e0 travers l\u2019objectif de l\u2019appareil photo. \u00c0&#8230; <\/p>\n","protected":false},"author":1,"featured_media":0,"parent":59,"menu_order":1,"comment_status":"closed","ping_status":"closed","template":"page-templates\/template-no-sidebar.php","meta":{"_acf_changed":false,"footnotes":""},"class_list":["post-79","page","type-page","status-publish","hentry"],"acf":[],"_links":{"self":[{"href":"http:\/\/2023.marathonphotocornouaille.bzh\/index.php\/wp-json\/wp\/v2\/pages\/79","targetHints":{"allow":["GET"]}}],"collection":[{"href":"http:\/\/2023.marathonphotocornouaille.bzh\/index.php\/wp-json\/wp\/v2\/pages"}],"about":[{"href":"http:\/\/2023.marathonphotocornouaille.bzh\/index.php\/wp-json\/wp\/v2\/types\/page"}],"author":[{"embeddable":true,"href":"http:\/\/2023.marathonphotocornouaille.bzh\/index.php\/wp-json\/wp\/v2\/users\/1"}],"replies":[{"embeddable":true,"href":"http:\/\/2023.marathonphotocornouaille.bzh\/index.php\/wp-json\/wp\/v2\/comments?post=79"}],"version-history":[{"count":18,"href":"http:\/\/2023.marathonphotocornouaille.bzh\/index.php\/wp-json\/wp\/v2\/pages\/79\/revisions"}],"predecessor-version":[{"id":402,"href":"http:\/\/2023.marathonphotocornouaille.bzh\/index.php\/wp-json\/wp\/v2\/pages\/79\/revisions\/402"}],"up":[{"embeddable":true,"href":"http:\/\/2023.marathonphotocornouaille.bzh\/index.php\/wp-json\/wp\/v2\/pages\/59"}],"wp:attachment":[{"href":"http:\/\/2023.marathonphotocornouaille.bzh\/index.php\/wp-json\/wp\/v2\/media?parent=79"}],"curies":[{"name":"wp","href":"https:\/\/api.w.org\/{rel}","templated":true}]}}